{"id":861,"date":"2021-05-24T20:58:44","date_gmt":"2021-05-24T18:58:44","guid":{"rendered":"https:\/\/www.tao-tao.at\/wp\/?page_id=861"},"modified":"2022-10-10T15:08:50","modified_gmt":"2022-10-10T13:08:50","slug":"praxis-3","status":"publish","type":"page","link":"https:\/\/www.tao-tao.at\/?page_id=861","title":{"rendered":"Preise"},"content":{"rendered":"\n<div class=\"wp-block-cover alignfull\" style=\"min-height:600px;aspect-ratio:unset;\"><span aria-hidden=\"true\" class=\"wp-block-cover__background has-nv-site-bg-background-color has-background-dim-100 has-background-dim\"><\/span><div class=\"wp-block-cover__inner-container is-layout-flow wp-block-cover-is-layout-flow\">\n<div class=\"wp-block-group\"><div class=\"wp-block-group__inner-container is-layout-flow wp-block-group-is-layout-flow\">\n<div style=\"height:100px\" aria-hidden=\"true\" class=\"wp-block-spacer\"><\/div>\n\n\n\n<div class=\"wp-block-columns are-vertically-aligned-center is-layout-flex wp-container-core-columns-is-layout-9d6595d7 wp-block-columns-is-layout-flex\">\n<div class=\"wp-block-column is-vertically-aligned-center is-layout-flow wp-block-column-is-layout-flow\" style=\"flex-basis:50%\">\n<h2 class=\"has-text-color wp-block-heading\" style=\"color:#659640\">Preise<\/h2>\n\n\n\n<p class=\"has-neve-link-color-color has-text-color\">Ein Erstgespr\u00e4ch mittels Zoom oder in meiner Praxis im Ausma\u00df von etwa 30 Minuten biete ich kostenlos.<\/p>\n\n\n\n<p class=\"has-neve-link-color-color has-text-color\">Alle Angebote einzeln oder im Block buchbar.<\/p>\n\n\n\n<p><\/p>\n\n\n\n<div style=\"height:49px\" aria-hidden=\"true\" class=\"wp-block-spacer\"><\/div>\n\n\n\n<h3 class=\"has-text-color wp-block-heading\" style=\"color:#659640\"><strong>Life Trust Coaching<\/strong><\/h3>\n\n\n\n<p class=\"has-neve-link-color-color has-text-color\">Abh\u00e4ngig von Thema, Zeitraum und Intensit\u00e4t der Begleitung werden Termine vorab gekl\u00e4rt, vertraglich vereinbart und gegebenenfalls erweitert.<\/p>\n\n\n\n<div style=\"height:0px\" aria-hidden=\"true\" class=\"wp-block-spacer\"><\/div>\n\n\n\n<h3 class=\"has-text-color wp-block-heading\" style=\"color:#659640\">Lasercoaching \/ Kurzzeitcoaching<\/h3>\n\n\n\n<p class=\"has-neve-link-color-color has-text-color\">Dein Anliegen oder Problem ist klar umrissen und du suchst nach der besten, schnellsten L\u00f6sung?<\/p>\n\n\n\n<p class=\"has-neve-link-color-color has-text-color\">Einzeltermine: <strong>\u20ac 120,\u2013<\/strong><br>Kompaktes Coaching \/ 5 Sessions: <strong>\u20ac 550,\u2013<\/strong><br>Coaching Pakete \/ 10 Sessions: <strong>\u20ac 1000,<strong>\u2013<\/strong><\/strong><\/p>\n\n\n\n<div style=\"height:49px\" aria-hidden=\"true\" class=\"wp-block-spacer\"><\/div>\n\n\n\n<h3 class=\"has-text-color wp-block-heading\" style=\"color:#659640\">Alternativmedizinisches Behandlungskonzept<\/h3>\n\n\n\n<p class=\"has-text-color\" style=\"color:#659640\"><strong>Cranio-Sacral-Balancing\/Kinesologie<\/strong><\/p>\n\n\n\n<p class=\"has-neve-link-color-color has-text-color\">4er-Block: <strong>\u20ac 300,\u2013<\/strong><br>Einzelsitzung: <strong>\u20ac 80,\u2013<\/strong> <br>(eine Einheit entspricht 60 Minuten)<\/p>\n\n\n\n<div style=\"height:50px\" aria-hidden=\"true\" class=\"wp-block-spacer\"><\/div>\n\n\n\n<h3 class=\"has-text-color wp-block-heading\" style=\"color:#659640\">Gruppen Settings <br><\/h3>\n\n\n\n<p class=\"has-text-color\" style=\"color:#659640\"><strong>Herz-Raum Workshops Zeit f\u00fcr Dich\/Dao to Flow\/Herz-Raum\/Lebenskr\u00e4fte<\/strong><\/p>\n\n\n\n<p class=\"has-neve-link-color-color has-text-color\">5er-Block:<strong> <strong>\u20ac<\/strong> 100,-<br><\/strong>1 Einheit:<strong> <strong>\u20ac<\/strong> 25,-<\/strong><\/p>\n\n\n\n<p class=\"has-text-color\" style=\"color:#659640\"><strong>Homodea hubs: Treffen, Austausch und Begleitung zu Kursen der Plattform Homodea von Veit Lindau&nbsp;<\/strong><\/p>\n\n\n\n<p class=\"has-neve-link-color-color has-text-color\">5er-Block:<strong> <strong>\u20ac<\/strong> 100,-<br><\/strong>1 Einheit:<strong> <strong>\u20ac<\/strong> 25,-<\/strong><\/p>\n\n\n\n<div style=\"height:41px\" aria-hidden=\"true\" class=\"wp-block-spacer\"><\/div>\n\n\n\n<div style=\"height:20px\" aria-hidden=\"true\" class=\"wp-block-spacer\"><\/div>\n<\/div>\n\n\n\n<div class=\"wp-block-column is-vertically-aligned-center is-layout-flow wp-block-column-is-layout-flow\" style=\"flex-basis:50%\"><\/div>\n<\/div>\n<\/div><\/div>\n<\/div><\/div>\n\n\n\n<div class=\"wp-block-cover alignfull is-light has-parallax\" style=\"background-image:url(https:\/\/www.tao-tao.at\/wp-content\/uploads\/2021\/03\/Der-WEg_1920x1080shutterstock_156840002_klein.jpg)\"><span aria-hidden=\"true\" class=\"wp-block-cover__background has-background-dim-30 has-background-dim\"><\/span><div class=\"wp-block-cover__inner-container is-layout-flow wp-block-cover-is-layout-flow\">\n<p class=\"has-text-align-center has-nv-site-bg-color has-text-color has-large-font-size\">Auf zu neuen Ufern, raus aus der mentalen <br>Stagnation, das Leben ruft!<\/p>\n\n\n\n<div class=\"wp-block-buttons is-horizontal is-content-justification-center is-layout-flex wp-container-core-buttons-is-layout-499968f5 wp-block-buttons-is-layout-flex\">\n<div class=\"wp-block-button is-style-primary\"><a class=\"wp-block-button__link\" href=\"\/?page_id=75\" style=\"border-radius:5px\">KONTAKTIERE MICH<\/a><\/div>\n<\/div>\n<\/div><\/div>\n","protected":false},"excerpt":{"rendered":"","protected":false},"author":1,"featured_media":0,"parent":0,"menu_order":0,"comment_status":"closed","ping_status":"closed","template":"","meta":{"neve_meta_sidebar":"default","neve_meta_container":"default","neve_meta_enable_content_width":"on","neve_meta_content_width":100,"neve_meta_title_alignment":"","neve_meta_author_avatar":"","neve_post_elements_order":"","neve_meta_disable_header":"","neve_meta_disable_footer":"","neve_meta_disable_title":"on","footnotes":""},"class_list":["post-861","page","type-page","status-publish","hentry"],"_links":{"self":[{"href":"https:\/\/www.tao-tao.at\/index.php?rest_route=\/wp\/v2\/pages\/861","targetHints":{"allow":["GET"]}}],"collection":[{"href":"https:\/\/www.tao-tao.at\/index.php?rest_route=\/wp\/v2\/pages"}],"about":[{"href":"https:\/\/www.tao-tao.at\/index.php?rest_route=\/wp\/v2\/types\/page"}],"author":[{"embeddable":true,"href":"https:\/\/www.tao-tao.at\/index.php?rest_route=\/wp\/v2\/users\/1"}],"replies":[{"embeddable":true,"href":"https:\/\/www.tao-tao.at\/index.php?rest_route=%2Fwp%2Fv2%2Fcomments&post=861"}],"version-history":[{"count":29,"href":"https:\/\/www.tao-tao.at\/index.php?rest_route=\/wp\/v2\/pages\/861\/revisions"}],"predecessor-version":[{"id":1214,"href":"https:\/\/www.tao-tao.at\/index.php?rest_route=\/wp\/v2\/pages\/861\/revisions\/1214"}],"wp:attachment":[{"href":"https:\/\/www.tao-tao.at\/index.php?rest_route=%2Fwp%2Fv2%2Fmedia&parent=861"}],"curies":[{"name":"wp","href":"https:\/\/api.w.org\/{rel}","templated":true}]}}