{"id":779,"date":"2021-05-24T12:00:32","date_gmt":"2021-05-24T10:00:32","guid":{"rendered":"https:\/\/www.tao-tao.at\/wp\/?page_id=779"},"modified":"2021-06-15T20:44:23","modified_gmt":"2021-06-15T18:44:23","slug":"impressum","status":"publish","type":"page","link":"https:\/\/www.tao-tao.at\/?page_id=779","title":{"rendered":"Impressum"},"content":{"rendered":"\n<p>Taotao Gesundheitsf\u00fcrsorge<br>Sandra Furtm\u00fcller<br>Panwinklerweg 20 <br>4203 Altenberg, \u00d6sterreich<br>E-Mail: office@tao-tao.at<br><br>Unternehmensgegenstand: Freies Gewerbe, Humanenergetik<\/p>\n\n\n\n<p>Gewerberegister: Bezirkshauptmannschaft\u00a0Urfahr\u00a0Umgebung,\u00a04041\u00a0Linz,\u00a0Peuerbachstra\u00dfe\u00a026<br>Nr: 416\/10846<\/p>\n\n\n\n<p>GISA: 17045315<br>Mitglied bei: WKO Ober\u00f6sterreich<\/p>\n\n\n\n<p>Freiberufliche Aus\u00fcbung des gehobenen Dienstes f\u00fcr Gesundheits- und Krankenpflege<br>Land\u00a0\u00d6ber\u00f6sterreich\u00a0BH\u00a0Urfahr\u2013Umgebung<br><br>Fotos: Arthur Kofler, unsplash<br>Webdesign\/Grafik: Terri Fr\u00fchling<br>Web: Matthias Doppelhammer<br><\/p>\n\n\n\n<p>Quelle: Erstellt mit dem <a href=\"https:\/\/www.adsimple.at\/impressum-generator\/\">Impressum Generator <\/a>von AdSimple<\/p>\n\n\n\n<p><\/p>\n\n\n\n<p><strong>EU-Streitschlichtung<\/strong><br>Gem\u00e4\u00df Verordnung \u00fcber Online-Streitbeilegung in Verbraucherangelegenheiten (ODR-Verordnung) m\u00f6chten wir Sie \u00fcber die Online-Streitbeilegungsplattform (OS-Plattform) informieren. Verbraucher haben die M\u00f6glichkeit, Beschwerden an die Online Streitbeilegungsplattform der Europ\u00e4ischen Kommission unter <a rel=\"noreferrer noopener\" href=\"http:\/\/ec.europa.eu\/odr?tid=121761548\" target=\"_blank\">http:\/\/ec.europa.eu\/odr?tid=121761548<\/a> zu richten. Die daf\u00fcr notwendigen Kontaktdaten finden Sie oberhalb in unserem Impressum.<br>Wir m\u00f6chten Sie jedoch darauf hinweisen, dass wir nicht bereit oder verpflichtet sind, an Streitbeilegungsverfahren vor einer Verbraucherschlichtungsstelle teilzunehmen.<br><\/p>\n\n\n\n<p><strong>Haftung f\u00fcr Inhalte dieser Website<\/strong><br>Wir entwickeln die Inhalte dieser Webseite st\u00e4ndig weiter und bem\u00fchen uns korrekte und aktuelle Informationen bereitzustellen. Leider k\u00f6nnen wir keine Haftung f\u00fcr die Korrektheit aller Inhalte auf dieser Website \u00fcbernehmen, speziell f\u00fcr jene, die seitens Dritter bereitgestellt wurden. Als Diensteanbieter sind wir nicht verpflichtet, die von Ihnen \u00fcbermittelten oder gespeicherten Informationen zu \u00fcberwachen oder nach Umst\u00e4nden zu forschen, die auf eine rechtswidrige T\u00e4tigkeit hinweisen.<br>Unsere Verpflichtungen zur Entfernung von Informationen oder zur Sperrung der Nutzung von Informationen nach den allgemeinen Gesetzen aufgrund von gerichtlichen oder beh\u00f6rdlichen Anordnungen bleiben auch im Falle unserer Nichtverantwortlichkeit davon unber\u00fchrt.<br>Sollten Ihnen problematische oder rechtswidrige Inhalte auffallen, bitte wir Sie uns umgehend zu kontaktieren, damit wir die rechtswidrigen Inhalte entfernen k\u00f6nnen. Sie finden die Kontaktdaten im Impressum.<br><\/p>\n\n\n\n<p><strong>Haftung f\u00fcr Links auf dieser Webseite<\/strong><br>Unsere Webseite enth\u00e4lt Links zu anderen Webseiten f\u00fcr deren Inhalt wir nicht verantwortlich sind. Haftung f\u00fcr verlinkte Websites besteht f\u00fcr uns nicht, da wir keine Kenntnis rechtswidriger T\u00e4tigkeiten hatten und haben, uns solche Rechtswidrigkeiten auch bisher nicht aufgefallen sind und wir Links sofort entfernen w\u00fcrden, wenn uns Rechtswidrigkeiten bekannt werden.<br>Wenn Ihnen rechtswidrige Links auf unserer Website auffallen, bitte wir Sie uns zu kontaktieren. Sie finden die Kontaktdaten im Impressum.<br><\/p>\n\n\n\n<p><strong>Urheberrechtshinweis<\/strong><br>Alle Inhalte dieser Webseite (Bilder, Fotos, Texte, Videos) unterliegen dem Urheberrecht. Bitte fragen Sie uns bevor Sie die Inhalte dieser Website verbreiten, vervielf\u00e4ltigen oder verwerten wie zum Beispiel auf anderen Websites erneut ver\u00f6ffentlichen. Falls notwendig, werden wir die unerlaubte Nutzung von Teilen der Inhalte unserer Seite rechtlich verfolgen.<br>Sollten Sie auf dieser Webseite Inhalte finden, die das Urheberrecht verletzen, bitten wir Sie uns zu kontaktieren.<br><\/p>\n\n\n\n<p><strong>Bildernachweis<\/strong><br>Die Bilder, Fotos und Grafiken auf dieser Webseite sind urheberrechtlich gesch\u00fctzt.<br>Die Bilderrechte liegen bei den folgenden Fotografen und Unternehmen:<br>Arthur Kofler, unsplash<br><\/p>\n","protected":false},"excerpt":{"rendered":"<p>Taotao Gesundheitsf\u00fcrsorgeSandra Furtm\u00fcllerPanwinklerweg 20 4203 Altenberg, \u00d6sterreichE-Mail: office@tao-tao.at Unternehmensgegenstand: Freies Gewerbe, Humanenergetik Gewerberegister: Bezirkshauptmannschaft\u00a0Urfahr\u00a0Umgebung,\u00a04041\u00a0Linz,\u00a0Peuerbachstra\u00dfe\u00a026Nr: 416\/10846 GISA: 17045315Mitglied bei: WKO Ober\u00f6sterreich Freiberufliche Aus\u00fcbung des gehobenen Dienstes f\u00fcr Gesundheits- und KrankenpflegeLand\u00a0\u00d6ber\u00f6sterreich\u00a0BH\u00a0Urfahr\u2013Umgebung Fotos: Arthur Kofler, unsplashWebdesign\/Grafik: Terri Fr\u00fchlingWeb: Matthias Doppelhammer Quelle: Erstellt mit dem Impressum Generator von AdSimple EU-StreitschlichtungGem\u00e4\u00df Verordnung \u00fcber Online-Streitbeilegung in Verbraucherangelegenheiten (ODR-Verordnung) m\u00f6chten wir Sie&hellip;&nbsp;<a href=\"https:\/\/www.tao-tao.at\/?page_id=779\" class=\"\" rel=\"bookmark\">Weiterlesen &raquo;<span class=\"screen-reader-text\">Impressum<\/span><\/a><\/p>\n","protected":false},"author":1,"featured_media":0,"parent":0,"menu_order":0,"comment_status":"closed","ping_status":"closed","template":"","meta":{"neve_meta_sidebar":"","neve_meta_container":"","neve_meta_enable_content_width":"","neve_meta_content_width":0,"neve_meta_title_alignment":"","neve_meta_author_avatar":"","neve_post_elements_order":"","neve_meta_disable_header":"","neve_meta_disable_footer":"","neve_meta_disable_title":"","footnotes":""},"class_list":["post-779","page","type-page","status-publish","hentry"],"_links":{"self":[{"href":"https:\/\/www.tao-tao.at\/index.php?rest_route=\/wp\/v2\/pages\/779","targetHints":{"allow":["GET"]}}],"collection":[{"href":"https:\/\/www.tao-tao.at\/index.php?rest_route=\/wp\/v2\/pages"}],"about":[{"href":"https:\/\/www.tao-tao.at\/index.php?rest_route=\/wp\/v2\/types\/page"}],"author":[{"embeddable":true,"href":"https:\/\/www.tao-tao.at\/index.php?rest_route=\/wp\/v2\/users\/1"}],"replies":[{"embeddable":true,"href":"https:\/\/www.tao-tao.at\/index.php?rest_route=%2Fwp%2Fv2%2Fcomments&post=779"}],"version-history":[{"count":6,"href":"https:\/\/www.tao-tao.at\/index.php?rest_route=\/wp\/v2\/pages\/779\/revisions"}],"predecessor-version":[{"id":1043,"href":"https:\/\/www.tao-tao.at\/index.php?rest_route=\/wp\/v2\/pages\/779\/revisions\/1043"}],"wp:attachment":[{"href":"https:\/\/www.tao-tao.at\/index.php?rest_route=%2Fwp%2Fv2%2Fmedia&parent=779"}],"curies":[{"name":"wp","href":"https:\/\/api.w.org\/{rel}","templated":true}]}}