{"id":61,"date":"2020-01-23T18:21:52","date_gmt":"2020-01-23T18:21:52","guid":{"rendered":"https:\/\/demosites.io\/web-agency-gb\/?page_id=61"},"modified":"2022-04-15T16:51:26","modified_gmt":"2022-04-15T14:51:26","slug":"15c42-web-agency-gb-about-us","status":"publish","type":"page","link":"https:\/\/www.tao-tao.at\/?page_id=61","title":{"rendered":"\u00dcber mich"},"content":{"rendered":"\n<div class=\"wp-block-cover alignfull\" style=\"min-height:600px;aspect-ratio:unset;\"><span aria-hidden=\"true\" class=\"has-nv-site-bg-background-color has-background-dim-100 wp-block-cover__gradient-background has-background-dim\"><\/span><div class=\"wp-block-cover__inner-container is-layout-flow wp-block-cover-is-layout-flow\">\n<div class=\"wp-block-group\"><div class=\"wp-block-group__inner-container is-layout-flow wp-block-group-is-layout-flow\">\n<div style=\"height:1px\" aria-hidden=\"true\" class=\"wp-block-spacer\"><\/div>\n\n\n\n<div style=\"height:100px\" aria-hidden=\"true\" class=\"wp-block-spacer\"><\/div>\n\n\n\n<div class=\"wp-block-columns is-layout-flex wp-container-core-columns-is-layout-9d6595d7 wp-block-columns-is-layout-flex\">\n<div class=\"wp-block-column is-vertically-aligned-top is-layout-flow wp-block-column-is-layout-flow\" style=\"flex-basis:50%\">\n<figure class=\"wp-block-image size-large\"><img decoding=\"async\" src=\"https:\/\/www.tao-tao.at\/wp-content\/uploads\/2021\/03\/IMG_2613_Uebermich-4-738x1024.jpg\" alt=\"\"\/><\/figure>\n<\/div>\n\n\n\n<div class=\"wp-block-column is-vertically-aligned-center is-layout-flow wp-block-column-is-layout-flow\" style=\"flex-basis:50%\">\n<h2 class=\"has-text-color wp-block-heading\" style=\"color:#659640\">Mein Anliegen<\/h2>\n\n\n\n<p class=\"has-neve-link-color-color has-text-color\">Der ganzheitliche Ansatz erscheint mir am ehesten einem Menschen gerecht zu werden. Mein Leben gelassen und im Vertrauen meinen Weg zu gehen, veranlasste mich, immer nach neuen Ans\u00e4tzen und M\u00f6glichkeiten zu suchen, die mir dienten, die Herausforderungen des Lebens zu meistern.<\/p>\n\n\n\n<p class=\"has-neve-link-color-color has-text-color\"><strong>\u00dcber mich<\/strong><br>Ausbildung Life Trust Coaching \/ Veit Lindau<\/p>\n\n\n\n<p class=\"has-neve-link-color-color has-text-color\">Meisterschaft des Lebens, integrale Lebenspraxis &#8211; <br>Rettet die Welt &#8211; nach Ken Wilber<\/p>\n\n\n\n<p class=\"has-neve-link-color-color has-text-color\">Mein langj\u00e4hriger Wunsch geht in Erf\u00fcllung &#8211; eigene Praxis-R\u00e4umlichkeiten mit Seminarraum. Seitdem veranstalte ich Workshops zum Thema Gesundheit und Wohlbefinden.<br><br>Pubert\u00e4tsphasen meiner Kinder begleiten und \u00fcberwinden<\/p>\n\n\n\n<p class=\"has-neve-link-color-color has-text-color\">Science Slam 2018 Wissenschaft und Forschung einfach und kreativ pr\u00e4sentiert &#8211; ein Partnerprojekt erfolgreich umgesetzt &#8211; Europameisterschaft Science Slam gewonnen!<\/p>\n\n\n\n<p class=\"has-neve-link-color-color has-text-color\">Fort &#8211; und Weiterbildungen \/ Homodea Veit Lindau<\/p>\n\n\n\n<p class=\"has-neve-link-color-color has-text-color\">Workshops in unterschiedlichsten Bereichen besucht:<br>Meditation, Frauenheilkreis, Tantra Technik, Praxis, Massagen, Tanz, Kontaktimprovisation, 5-Rhytmen, Trance<\/p>\n\n\n\n<p class=\"has-neve-link-color-color has-text-color\">Single sein und einlassen auf neue Partnerschaft und Beziehungsmodelle &#8211; Patchwork, Polyamorie. <br>Jede Ver\u00e4nderung bringt Qualit\u00e4t in die Beziehung<\/p>\n\n\n\n<p class=\"has-neve-link-color-color has-text-color\">Alleinerzieherin und dessen Herausforderungen integrieren<\/p>\n\n\n\n<p class=\"has-neve-link-color-color has-text-color\">Nahtoderfahrung, Loslassen, Auferstehung, Neubeginn<br><br>Ende der langw\u00e4hrenden Beziehung, ein Traum zerplatzt<br><br>Tiergest\u00fctzte Aktivit\u00e4ten mit Alpakas bei AATLA-Weiterbildung<br><br>Ausbildung zur Dipl. Spirituelle Aufstellerin und Familientherapeutin bei AFP Akademie Heidelberg Helmut v. Kritzinger<br><br>Praxisgr\u00fcndung \u2013 Gewerbe Humanenergetikerin\/ freiberufliche DGKS<br><br>Ausbildung zur Dipl.Ontologischen Kinesiologin \/Dipl. Tao Kinesiologin bei Mentas.cc Markus Blocher<br><br>Geburt meiner beiden T\u00f6chter<br><br>Ausbildung zur Heilpraktikerin Paracelsus Schule Linz<br><br>Als DGKS arbeitete ich in verschiedenen Bereichen. Mit k\u00f6rperlich und\/oder geistig beeintr\u00e4chtigten Menschen in Altenheimen (Intensiv, Wachkoma), psychiatrischen Einrichtungen (Jugend\/Erwachsene) und in der mobilen Hauskrankenpflege.<br><br>Ausbildung zur diplomierten Gesundheits- und Krankenschwester (DGKS)<br><br>Geboren am 16. September 1976 in Linz<\/p>\n<\/div>\n<\/div>\n\n\n\n<div style=\"height:40px\" aria-hidden=\"true\" class=\"wp-block-spacer\"><\/div>\n<\/div><\/div>\n<\/div><\/div>\n\n\n\n<div class=\"wp-block-cover alignfull is-light has-parallax\" style=\"background-image:url(https:\/\/www.tao-tao.at\/wp-content\/uploads\/2021\/03\/Der-WEg_1920x1080shutterstock_156840002-3-scaled.jpg)\"><span aria-hidden=\"true\" class=\"has-background-dim-30 wp-block-cover__gradient-background has-background-dim\"><\/span><div class=\"wp-block-cover__inner-container is-layout-flow wp-block-cover-is-layout-flow\">\n<p class=\"has-text-align-center has-nv-site-bg-color has-text-color has-large-font-size\">Auf zu neuen Ufern, raus aus der mentalen <br>Stagnation, das Leben ruft!<\/p>\n\n\n\n<div class=\"wp-block-buttons is-horizontal is-content-justification-center is-layout-flex wp-container-core-buttons-is-layout-499968f5 wp-block-buttons-is-layout-flex\">\n<div class=\"wp-block-button is-style-primary\"><a class=\"wp-block-button__link\" href=\"https:\/\/www.tao-tao.at\/?page_id=75\" style=\"border-radius:5px\">KONTAKTIERE MICH<\/a><\/div>\n<\/div>\n<\/div><\/div>\n","protected":false},"excerpt":{"rendered":"","protected":false},"author":1,"featured_media":0,"parent":0,"menu_order":0,"comment_status":"closed","ping_status":"closed","template":"","meta":{"neve_meta_sidebar":"default","neve_meta_container":"default","neve_meta_enable_content_width":"on","neve_meta_content_width":100,"neve_meta_title_alignment":"","neve_meta_author_avatar":"","neve_post_elements_order":"","neve_meta_disable_header":"","neve_meta_disable_footer":"","neve_meta_disable_title":"on","footnotes":""},"class_list":["post-61","page","type-page","status-publish","hentry"],"_links":{"self":[{"href":"https:\/\/www.tao-tao.at\/index.php?rest_route=\/wp\/v2\/pages\/61","targetHints":{"allow":["GET"]}}],"collection":[{"href":"https:\/\/www.tao-tao.at\/index.php?rest_route=\/wp\/v2\/pages"}],"about":[{"href":"https:\/\/www.tao-tao.at\/index.php?rest_route=\/wp\/v2\/types\/page"}],"author":[{"embeddable":true,"href":"https:\/\/www.tao-tao.at\/index.php?rest_route=\/wp\/v2\/users\/1"}],"replies":[{"embeddable":true,"href":"https:\/\/www.tao-tao.at\/index.php?rest_route=%2Fwp%2Fv2%2Fcomments&post=61"}],"version-history":[{"count":47,"href":"https:\/\/www.tao-tao.at\/index.php?rest_route=\/wp\/v2\/pages\/61\/revisions"}],"predecessor-version":[{"id":1174,"href":"https:\/\/www.tao-tao.at\/index.php?rest_route=\/wp\/v2\/pages\/61\/revisions\/1174"}],"wp:attachment":[{"href":"https:\/\/www.tao-tao.at\/index.php?rest_route=%2Fwp%2Fv2%2Fmedia&parent=61"}],"curies":[{"name":"wp","href":"https:\/\/api.w.org\/{rel}","templated":true}]}}