{"id":1063,"date":"2021-08-09T21:22:25","date_gmt":"2021-08-09T19:22:25","guid":{"rendered":"https:\/\/www.tao-tao.at\/wp\/?page_id=1063"},"modified":"2022-04-15T17:16:20","modified_gmt":"2022-04-15T15:16:20","slug":"veranstaltungen","status":"publish","type":"page","link":"https:\/\/www.tao-tao.at\/?page_id=1063","title":{"rendered":"Veranstaltungen"},"content":{"rendered":"\n<div class=\"wp-block-cover alignfull\" style=\"min-height:237px;aspect-ratio:unset;\"><span aria-hidden=\"true\" class=\"has-nv-site-bg-background-color has-background-dim-100 wp-block-cover__gradient-background has-background-dim\"><\/span><div class=\"wp-block-cover__inner-container is-layout-flow wp-block-cover-is-layout-flow\">\n<div class=\"wp-block-columns is-layout-flex wp-container-core-columns-is-layout-9d6595d7 wp-block-columns-is-layout-flex\">\n<div class=\"wp-block-column is-layout-flow wp-block-column-is-layout-flow\"><\/div>\n\n\n\n<div class=\"wp-block-column is-layout-flow wp-block-column-is-layout-flow\"><\/div>\n<\/div>\n<\/div><\/div>\n\n\n\n<div class=\"wp-block-columns is-layout-flex wp-container-core-columns-is-layout-9d6595d7 wp-block-columns-is-layout-flex\">\n<div class=\"wp-block-column is-layout-flow wp-block-column-is-layout-flow\">\n<h2 class=\"has-text-color wp-block-heading\" style=\"color:#659640;font-size:55px\"><strong>Ver\u00ad\u00ad\u00adanstaltungen<\/strong><\/h2>\n\n\n\n<p class=\"has-text-color\" style=\"color:#659640;font-size:29px\">zum Thema Gesundheit und Wohlbefinden<\/p>\n\n\n\n<p><\/p>\n<\/div>\n\n\n\n<div class=\"wp-block-column is-vertically-aligned-top is-layout-flow wp-block-column-is-layout-flow\"><\/div>\n<\/div>\n\n\n\n<div style=\"height:70px\" aria-hidden=\"true\" class=\"wp-block-spacer\"><\/div>\n\n\n\n<div class=\"wp-block-columns is-layout-flex wp-container-core-columns-is-layout-9d6595d7 wp-block-columns-is-layout-flex\">\n<div class=\"wp-block-column is-layout-flow wp-block-column-is-layout-flow\">\n<div style=\"height:5px\" aria-hidden=\"true\" class=\"wp-block-spacer\"><\/div>\n\n\n\n<p class=\"has-text-color\" style=\"color:#659640;font-size:29px\"><strong>ZEIT F\u00dcR DICH<\/strong><\/p>\n\n\n\n<p class=\"has-text-color\" style=\"color:#659640;font-size:29px\">Wir kombinieren K\u00f6rper\u00fcbungen wie Meridiandehnung, Polarity, Yoga und Atemtechnik<\/p>\n\n\n\n<p class=\"has-neve-link-color-color has-text-color\">Die Meridiandehnungs-\u00dcbungen wurden von Shizuto Masunaga entwickelt und zielen darauf ab, Gesundheit und Wohlbefinden zu f\u00f6rdern. Die Meridiane sind Energieleitbahnen, die durch den K\u00f6rper laufen.<\/p>\n\n\n\n<p class=\"has-neve-link-color-color has-text-color\">Wir k\u00f6nnen uns die Meridiane als ein Kanalsystem vorstellen, das unseren ganzen K\u00f6rper mit Energie versorgt. Wenn der freie Fluss der immer vorhandenen Energie in unserem K\u00f6rper beeintr\u00e4chtigt wird, kann sich Energie stauen und es kommt zu F\u00fclle- oder Leerezust\u00e4nden.<\/p>\n\n\n\n<p class=\"has-neve-link-color-color has-text-color\">Mithilfe von K\u00f6rper\u00fcbungen, Reflexion des Ist-Zustandes und K\u00f6rperwahrnehmung kannst Du Deine Selbstheilungskr\u00e4fte aktivieren, den Energiefluss anregen und Dich an mehr Beweglichkeit erfreuen. Zentriertheit, Stabilit\u00e4t, Klarheit, Lebendigkeit, Freude und Leichtigkeit stellt sich ein.<\/p>\n<\/div>\n\n\n\n<div class=\"wp-block-column is-vertically-aligned-top is-layout-flow wp-block-column-is-layout-flow\">\n<div style=\"height:5px\" aria-hidden=\"true\" class=\"wp-block-spacer\"><\/div>\n\n\n\n<p class=\"has-text-color\" style=\"color:#659640;font-size:29px\"><strong>DAO TO FLOW <\/strong>(Upgrade)<\/p>\n\n\n\n<p class=\"has-text-color\" style=\"color:#659640;font-size:29px\">Wir meditieren angeleitet, themenspezifisch und aktiv<br>Wir tanzen frei, improvisierend und angelehnt an 5-Rhythmen und Trance<\/p>\n\n\n\n<p class=\"has-text-color\" style=\"color:#659640\">Aufbauveranstaltung von <strong>ZEIT F\u00dcR DICH<\/strong><\/p>\n\n\n\n<div style=\"height:20px\" aria-hidden=\"true\" class=\"wp-block-spacer\"><\/div>\n\n\n\n<p style=\"font-size:18px\"><strong>Termine<\/strong><br>jeden Dienstag<br>9.30\u201311.00 &amp; 18:30\u201320:00 Uhr<br>Bitte um Anmeldung per Telefon oder in der Whatsapp-Gruppe <\/p>\n\n\n\n<div class=\"wp-block-buttons is-layout-flex wp-block-buttons-is-layout-flex\">\n<div class=\"wp-block-button is-style-primary\"><a class=\"wp-block-button__link\" href=\"https:\/\/www.tao-tao.at\/?page_id=75\">KONTAKT<\/a><\/div>\n<\/div>\n\n\n\n<p><\/p>\n<\/div>\n<\/div>\n\n\n\n<div style=\"height:50px\" aria-hidden=\"true\" class=\"wp-block-spacer\"><\/div>\n\n\n\n<div class=\"wp-block-columns is-layout-flex wp-container-core-columns-is-layout-9d6595d7 wp-block-columns-is-layout-flex\">\n<div class=\"wp-block-column is-vertically-aligned-top is-layout-flow wp-block-column-is-layout-flow\"><div id=\"gutenslider-up4r8bl3v\" class=\"wp-block-eedee-block-gutenslider gs-frontend content-change alignnone arrow-style-1 arrow-position-sides arrow-mb-none arrows-lg-none arrows-md-none arrows-sm-none dot-style-1 dots-lg dots-md dots-sm dot-position-bottom is-position-center-center mb-none wrap-auto-height\" data-parallax-direction=\"down\" data-parallax-amount=\"1.3\" data-lg-transition=\"lg-slide\" data-hash=\"\" ><div class=\"eedee-swiper-outer\" style=\"--gutenslider-min-height: 50vh;--gutenslider-arrow-size: 30px;--gutenslider-dot-size: 25px;--gutenslider-arrow-color: #ffffff;--gutenslider-dot-color: #ffffff;--gutenslider-padding-y-mobile: 40px;--gutenslider-padding-x-mobile: 40px;--gutenslider-padding-y-tablet: 40px;--gutenslider-padding-x-tablet: 40px;--gutenslider-padding-y-desktop: 40px;--gutenslider-padding-x-desktop: 40px;--gutenslider-bg-image: url();--gutenslider-min-height-md: 50vh;--gutenslider-min-height-sm: 50vh;--gutenslider-padding-x: 40px;--gutenslider-padding-x-md: 40px;--gutenslider-padding-x-sm: 20px;--gutenslider-padding-y: 40px;--gutenslider-padding-y-md: 40px;--gutenslider-padding-y-sm: 40px;--gutenslider-arrow-size-md: 30px;--gutenslider-arrow-size-sm: 30px;--gutenslider-dot-size-md: 25px;--gutenslider-dot-size-sm: 25px;--gutenslider-arrow-bg-color: transparent;--gutenslider-arrow-hover-color: #eeeeee;--gutenslider-arrow-bg-hover-color: transparent;--gutenslider-arrow-x-offset: 10px;--gutenslider-arrow-x-offset-md: 10px;--gutenslider-arrow-x-offset-sm: 10px;--gutenslider-arrow-y-offset: 0px;--gutenslider-arrow-y-offset-md: 0px;--gutenslider-arrow-y-offset-sm: 0px;--gutenslider-arrow-x-spacing: 0px;--gutenslider-dot-y-offset: 10px;--gutenslider-dot-y-offset-md: 10px;--gutenslider-dot-y-offset-sm: 10px;--gutenslider-margin-x: 0px;--gutenslider-margin-x-md: 0px;--gutenslider-margin-x-sm: 0px;--gutenslider-margin-y: 10px;--gutenslider-margin-y-md: 10px;--gutenslider-margin-y-sm: 10px;--gutenslider-divider-top: 60px;--gutenslider-divider-bottom: 60px;--gutenslider-lightgallery-bg: #ffffff;--gutenslider-lightgallery-font: #000000;--gs-first-pos: 50% 50%;--gs-gap-vertical: var( --wp--style--gallery-gap-default, var( --gallery-block--gutter-size, var( --wp--style--block-gap, 0.5em ) ) );--gs-gap-horizontal: var( --wp--style--gallery-gap-default, var( --gallery-block--gutter-size, var( --wp--style--block-gap, 0.5em ) ) );\"><div class=\"gutenslider-divider-top\" style=\"color:#fff;\"><\/div><div class=\"swiper\" data-settings='{\"autoplay\":{\"delay\":3000,\"pauseOnMouseEnter\":true,\"disableOnInteraction\":false},\"speed\":700,\"direction\":\"horizontal\",\"autoHeight\":\"\",\"loop\":true,\"centeredSlides\":true,\"spaceBetween\":0,\"slidesPerView\":1,\"slidesPerGroup\":1,\"effect\":\"slide\",\"coverflowEffect\":{\"rotate\":30,\"slideShadows\":false,\"depth\":100,\"stretch\":50,\"modifier\":1},\"fadeEffect\":{\"crossFade\":true},\"zoom\":\"\",\"navigation\":{\"nextEl\":\"#gutenslider-up4r8bl3v .eedee-gutenslider-next\",\"prevEl\":\"#gutenslider-up4r8bl3v .eedee-gutenslider-prev\"},\"pagination\":{\"type\":\"bullets\",\"clickable\":true,\"dynamicBullets\":false,\"el\":\"#gutenslider-up4r8bl3v .eedee-gutenslider-pagination\"},\"pauseOnHover\":\"1\",\"watchSlidesProgress\":true,\"watchSlidesVisibility\":true,\"settingsMd\":{\"autoHeight\":\"\",\"slidesPerView\":1,\"slidesPerGroup\":1,\"spaceBetween\":0,\"loop\":true},\"settingsLg\":{\"autoHeight\":\"\",\"slidesPerView\":1,\"slidesPerGroup\":1,\"spaceBetween\":0,\"loop\":true},\"hasLg\":false,\"hasLgCounter\":true,\"isFullScreen\":false,\"arrowsFollowMouse\":false,\"lgTitle\":\"none\",\"lgCaption\":\"none\",\"lgThumbnails\":true,\"lgZoomEnabled\":false,\"keyboard\":{\"keyboard\":{\"enabled\":true,\"onlyInViewport\":true}},\"hashNavigation\":false,\"dividers\":false}'><div class=\"swiper-wrapper\">\n<div class=\"swiper-slide wp-block-eedee-block-gutenslide is-position-center-center ed-bg-image\" style=\"--ed-vw:300;--ed-vh:169;\" data-hash=\"\"><div class=\"eedee-background-div bg-image\"><img loading=\"lazy\" width=\"1024\" height=\"576\" class=\"wp-image-1161\" src=\"https:\/\/www.tao-tao.at\/wp-content\/uploads\/2022\/04\/homodea-hub-gruppenfoto-1.jpg\" alt=\"\" decoding=\"async\" style=\"object-fit: cover; object-position: 50% 50%;\"  data-title=\"homodea hub gruppenfoto\" srcset=\"https:\/\/www.tao-tao.at\/wp-content\/uploads\/2022\/04\/homodea-hub-gruppenfoto-1.jpg 1024w, https:\/\/www.tao-tao.at\/wp-content\/uploads\/2022\/04\/homodea-hub-gruppenfoto-1-300x169.jpg 300w, https:\/\/www.tao-tao.at\/wp-content\/uploads\/2022\/04\/homodea-hub-gruppenfoto-1-768x432.jpg 768w\" sizes=\"auto, (max-width: 1024px) 100vw, 1024px\" \/><div class=\"eedee-background-div__overlay\" style=\"opacity:1;\"><\/div><\/div><div class=\"slide-content\">\n\n<p class=\"has-text-align-center gutenslider-content-initial has-larger-font-size\"><\/p>\n\n<\/div><\/div>\n\n<div class=\"swiper-slide wp-block-eedee-block-gutenslide is-position-center-center ed-bg-image\" style=\"--ed-vw:300;--ed-vh:300;\" data-hash=\"\"><div class=\"eedee-background-div bg-image\"><img loading=\"lazy\" width=\"1024\" height=\"1024\" class=\"wp-image-922\" src=\"https:\/\/www.tao-tao.at\/wp-content\/uploads\/2021\/06\/Herzraum_01-1-1024x1024.jpg\" alt=\"\" decoding=\"async\" style=\"object-fit: cover; object-position: 50% 50%;\"  data-title=\"Herzraum_01-1\" srcset=\"https:\/\/www.tao-tao.at\/wp-content\/uploads\/2021\/06\/Herzraum_01-1-1024x1024.jpg 1024w, https:\/\/www.tao-tao.at\/wp-content\/uploads\/2021\/06\/Herzraum_01-1-300x300.jpg 300w, https:\/\/www.tao-tao.at\/wp-content\/uploads\/2021\/06\/Herzraum_01-1-150x150.jpg 150w, https:\/\/www.tao-tao.at\/wp-content\/uploads\/2021\/06\/Herzraum_01-1-768x768.jpg 768w, https:\/\/www.tao-tao.at\/wp-content\/uploads\/2021\/06\/Herzraum_01-1-1536x1536.jpg 1536w, https:\/\/www.tao-tao.at\/wp-content\/uploads\/2021\/06\/Herzraum_01-1.jpg 1772w\" sizes=\"auto, (max-width: 1024px) 100vw, 1024px\" \/><div class=\"eedee-background-div__overlay\" style=\"opacity:1;\"><\/div><\/div><div class=\"slide-content\">\n\n<p class=\"has-text-align-center gutenslider-content-initial has-larger-font-size\"><\/p>\n\n<\/div><\/div>\n<\/div><\/div><button class=\"eedee-gutenslider-nav eedee-gutenslider-prev\"><svg xmlns=\"http:\/\/www.w3.org\/2000\/svg\" viewBox=\"0 0 24 24\" width=\"24\" height=\"24\"><circle class=\"bg\" cx=\"13\" cy=\"12\" r=\"11\" \/><path fill=\"none\" d=\"M0 0h24v24H0z\"\/><path class=\"arrow\" d=\"M10.828 12l4.95 4.95-1.414 1.414L8 12l6.364-6.364 1.414 1.414z\"\/><\/svg><\/button><button class=\"eedee-gutenslider-nav eedee-gutenslider-next\"><svg xmlns=\"http:\/\/www.w3.org\/2000\/svg\" viewBox=\"0 0 24 24\" width=\"24\" height=\"24\"><circle class=\"bg\" cx=\"11\" cy=\"12\" r=\"11\" \/><path fill=\"none\" d=\"M0 0h24v24H0z\"\/><path class=\"arrow\" d=\"M13.172 12l-4.95-4.95 1.414-1.414L16 12l-6.364 6.364-1.414-1.414z\"\/><\/svg><\/button><div class=\"eedee-gutenslider-pagination\"><\/div><div class=\"gutenslider-divider-bottom \" style=\"color:#fff;\"><\/div><\/div><\/div><\/div>\n\n\n\n<div class=\"wp-block-column is-layout-flow wp-block-column-is-layout-flow\">\n<p class=\"has-text-color\" style=\"color:#659640;font-size:29px\"><strong>homodea hub&nbsp;<\/strong><\/p>\n\n\n\n<p class=\"has-text-color\" style=\"color:#659640;font-size:29px\">Herzliche Einladung an alle Interessierten, die Freude daran haben, sich selbst und das Leben zu erforschen und zu verstehen\u00a0<\/p>\n\n\n\n<p class=\"has-neve-link-color-color has-text-color\">Live und Online werden wir uns mit unterschiedlichen Themen zu Kursen von homodea \u2013 Veit Lindau und meinen Schwerpunkten wie Selbstliebe, Beziehungen, Co Kreation und integraler Lebenspraxis widmen. Bewegung, Embodiment, Achtsamkeit, aktive und passive Meditationen, frei Tanz, Trance Tanz und Flow werden mit einfachen und effektiven Tools vermittelt.<\/p>\n\n\n\n<p class=\"has-neve-link-color-color has-text-color\">Termine werden rechtzeitig im hub \u201e<a rel=\"noreferrer noopener\" href=\"https:\/\/www.facebook.com\/groups\/bewegedich\" target=\"_blank\">Bewege Dich achtsam FREI<\/a>\u201c bekannt gegeben.<\/p>\n<\/div>\n<\/div>\n\n\n\n<div style=\"height:50px\" aria-hidden=\"true\" class=\"wp-block-spacer\"><\/div>\n\n\n\n<div class=\"wp-block-cover alignfull is-light has-parallax\" style=\"background-image:url(https:\/\/www.tao-tao.at\/wp-content\/uploads\/2021\/03\/Der-WEg_1920x1080shutterstock_156840002_klein-1.jpg)\"><span aria-hidden=\"true\" class=\"has-background-dim-30 wp-block-cover__gradient-background has-background-dim\"><\/span><div class=\"wp-block-cover__inner-container is-layout-flow wp-block-cover-is-layout-flow\">\n<p class=\"has-text-align-center has-nv-site-bg-color has-text-color has-large-font-size\">Auf zu neuen Ufern, raus aus der mentalen <br>Stagnation, das Leben ruft!<\/p>\n\n\n\n<div class=\"wp-block-buttons is-horizontal is-content-justification-center is-layout-flex wp-container-core-buttons-is-layout-499968f5 wp-block-buttons-is-layout-flex\">\n<div class=\"wp-block-button is-style-primary\"><a class=\"wp-block-button__link\" href=\"https:\/\/www.tao-tao.at\/?page_id=75\" style=\"border-radius:5px\">KONTAKTIERE MICH<\/a><\/div>\n<\/div>\n<\/div><\/div>\n","protected":false},"excerpt":{"rendered":"<p>Ver\u00ad\u00ad\u00adanstaltungen zum Thema Gesundheit und Wohlbefinden ZEIT F\u00dcR DICH Wir kombinieren K\u00f6rper\u00fcbungen wie Meridiandehnung, Polarity, Yoga und Atemtechnik Die Meridiandehnungs-\u00dcbungen wurden von Shizuto Masunaga entwickelt und zielen darauf ab, Gesundheit und Wohlbefinden zu f\u00f6rdern. Die Meridiane sind Energieleitbahnen, die durch den K\u00f6rper laufen. Wir k\u00f6nnen uns die Meridiane als ein Kanalsystem vorstellen, das unseren ganzen&hellip;&nbsp;<a href=\"https:\/\/www.tao-tao.at\/?page_id=1063\" class=\"\" rel=\"bookmark\">Weiterlesen &raquo;<span class=\"screen-reader-text\">Veranstaltungen<\/span><\/a><\/p>\n","protected":false},"author":1,"featured_media":0,"parent":0,"menu_order":0,"comment_status":"closed","ping_status":"closed","template":"","meta":{"neve_meta_sidebar":"default","neve_meta_container":"default","neve_meta_enable_content_width":"on","neve_meta_content_width":100,"neve_meta_title_alignment":"","neve_meta_author_avatar":"","neve_post_elements_order":"","neve_meta_disable_header":"","neve_meta_disable_footer":"","neve_meta_disable_title":"on","footnotes":""},"class_list":["post-1063","page","type-page","status-publish","hentry"],"_links":{"self":[{"href":"https:\/\/www.tao-tao.at\/index.php?rest_route=\/wp\/v2\/pages\/1063","targetHints":{"allow":["GET"]}}],"collection":[{"href":"https:\/\/www.tao-tao.at\/index.php?rest_route=\/wp\/v2\/pages"}],"about":[{"href":"https:\/\/www.tao-tao.at\/index.php?rest_route=\/wp\/v2\/types\/page"}],"author":[{"embeddable":true,"href":"https:\/\/www.tao-tao.at\/index.php?rest_route=\/wp\/v2\/users\/1"}],"replies":[{"embeddable":true,"href":"https:\/\/www.tao-tao.at\/index.php?rest_route=%2Fwp%2Fv2%2Fcomments&post=1063"}],"version-history":[{"count":18,"href":"https:\/\/www.tao-tao.at\/index.php?rest_route=\/wp\/v2\/pages\/1063\/revisions"}],"predecessor-version":[{"id":1190,"href":"https:\/\/www.tao-tao.at\/index.php?rest_route=\/wp\/v2\/pages\/1063\/revisions\/1190"}],"wp:attachment":[{"href":"https:\/\/www.tao-tao.at\/index.php?rest_route=%2Fwp%2Fv2%2Fmedia&parent=1063"}],"curies":[{"name":"wp","href":"https:\/\/api.w.org\/{rel}","templated":true}]}}